{"id":21276,"date":"2022-12-09T17:06:43","date_gmt":"2022-12-09T23:06:43","guid":{"rendered":"https:\/\/solplayarentals.com\/contact-us\/"},"modified":"2023-01-09T12:04:57","modified_gmt":"2023-01-09T18:04:57","slug":"contacto","status":"publish","type":"page","link":"https:\/\/solplayarentals.com\/es\/contacto\/","title":{"rendered":"Contacto"},"content":{"rendered":"<h3>Nosotros<\/h3>\n<p><\/br><br \/>\n<strong>Sol &amp; Playa\u00a0 es una agencia de renta de casas vacacionales en San Juan del Sur.\u00a0<\/strong>Nos especializamos en rentas de corta estadia (noches, semana) pero hemos ayudado a otros clientes con las estadias a largo plazo.<br \/>\n<\/br><br \/>\n<\/br><\/p>\n<h3>Sobre el Equipo<\/h3>\n<p><\/br><br \/>\n<strong>Betzy Barboza<\/strong> es la presidenta y la fundadora. Nacida y criada en <strong>San Juan del Sur, Nicaragua<\/strong>. Betzy habla ingl\u00e9s, espa\u00f1ol y un poco de franc\u00e9s.<br \/>\n<\/br><br \/>\n<\/br><br \/>\nElla se graduo de licenciada en Marketing en la UCA, Nicaragua. Trabaj\u00f3 como administradora, recepcionista, ayudante general de<strong> alquiler de casas vacacionales<\/strong> en una inmobiliaria local, y all\u00ed adquiri\u00f3 valiosa experiencia para abrir su propio negocio.<br \/>\n<\/br><br \/>\n<\/br><br \/>\nViaj\u00f3 por <strong>Am\u00e9rica del Sur<\/strong> durante 2 a\u00f1os y aprendi\u00f3 a\u00fan m\u00e1s sobre el negocio del <strong>alquier tur\u00edstico de casas vacacionales<\/strong>, de corto y largo plazo.<br \/>\n<\/br><br \/>\n<\/br><br \/>\nCuando regres\u00f3 a <strong>Nicaragua<\/strong>, Betzy comenzo a <strong>alquilar casas, condominios y apartamentos en San Juan del Sur<\/strong> a corto, mediano y largo plazo luego decidio emprender en abrir su propio negocio de <strong>renta de casas vacacionales<\/strong> en Marzo 2021.<br \/>\n<\/br><br \/>\n<\/br><br \/>\nElla conoce el pueblo, las ofertas y los lugares escondidos que <strong>San Juan del Sur<\/strong> ofrece.<br \/>\n<\/br><br \/>\n<\/br><\/p>\n<h3>\u00bfPor qu\u00e9 Nosotros?<\/h3>\n<p><\/br><\/p>\n<ul>\n<li>Tiempo de repuesta: respuesta en o menos a 24 horas<\/li>\n<li>Biling\u00fces<\/li>\n<li>+2 a\u00f1os de experiencia en el mercado de rentas vacacionales<\/li>\n<li>Enfoque en el cliente: Hacemos el proceso facil y lo mas relajante posible<\/li>\n<\/ul>\n","protected":false},"excerpt":{"rendered":"<p>Nosotros Sol &amp; Playa\u00a0 es una agencia de renta de casas vacacionales en San Juan del Sur.\u00a0Nos especializamos en rentas de corta estadia (noches, semana) pero hemos ayudado a otros clientes con las estadias a largo plazo. Sobre el Equipo Betzy Barboza es la presidenta y la fundadora. Nacida y criada en San Juan del Sur, Nicaragua. Betzy habla ingl\u00e9s, espa\u00f1ol y un poco &#8230;<\/p>\n","protected":false},"author":1,"featured_media":0,"parent":0,"menu_order":0,"comment_status":"open","ping_status":"closed","template":"page-templates\/contact_page.php","meta":{"inline_featured_image":false,"footnotes":""},"class_list":["post-21276","page","type-page","status-publish","hentry"],"yoast_head":"<!-- This site is optimized with the Yoast SEO plugin v25.3 - https:\/\/yoast.com\/wordpress\/plugins\/seo\/ -->\n<title>Contacto - Long Term &amp; Vacation Rentals in San Juan del Sur<\/title>\n<meta name=\"description\" content=\"Alquila un lugar en San Juan del Sur, NI. Casas, Condominios y Villas frente a la playa. Alquileres Vacacionales 2023 al mejor precio.\" \/>\n<meta name=\"robots\" content=\"index, follow, max-snippet:-1, max-image-preview:large, max-video-preview:-1\" \/>\n<link rel=\"canonical\" href=\"https:\/\/solplayarentals.com\/es\/contacto\/\" \/>\n<meta property=\"og:locale\" content=\"es_ES\" \/>\n<meta property=\"og:type\" content=\"article\" \/>\n<meta property=\"og:title\" content=\"Contacto - Long Term &amp; Vacation Rentals in San Juan del Sur\" \/>\n<meta property=\"og:description\" content=\"Alquila un lugar en San Juan del Sur, NI. Casas, Condominios y Villas frente a la playa. Alquileres Vacacionales 2023 al mejor precio.\" \/>\n<meta property=\"og:url\" content=\"https:\/\/solplayarentals.com\/es\/contacto\/\" \/>\n<meta property=\"og:site_name\" content=\"Long Term &amp; Vacation Rentals in San Juan del Sur\" \/>\n<meta property=\"article:modified_time\" content=\"2023-01-09T18:04:57+00:00\" \/>\n<meta name=\"twitter:card\" content=\"summary_large_image\" \/>\n<meta name=\"twitter:label1\" content=\"Tiempo de lectura\" \/>\n\t<meta name=\"twitter:data1\" content=\"2 minutos\" \/>\n<script type=\"application\/ld+json\" class=\"yoast-schema-graph\">{\"@context\":\"https:\/\/schema.org\",\"@graph\":[{\"@type\":\"WebPage\",\"@id\":\"https:\/\/solplayarentals.com\/es\/contacto\/\",\"url\":\"https:\/\/solplayarentals.com\/es\/contacto\/\",\"name\":\"Contacto - Long Term &amp; Vacation Rentals in San Juan del Sur\",\"isPartOf\":{\"@id\":\"https:\/\/solplayarentals.com\/es\/#website\"},\"datePublished\":\"2022-12-09T23:06:43+00:00\",\"dateModified\":\"2023-01-09T18:04:57+00:00\",\"description\":\"Alquila un lugar en San Juan del Sur, NI. Casas, Condominios y Villas frente a la playa. Alquileres Vacacionales 2023 al mejor precio.\",\"breadcrumb\":{\"@id\":\"https:\/\/solplayarentals.com\/es\/contacto\/#breadcrumb\"},\"inLanguage\":\"es\",\"potentialAction\":[{\"@type\":\"ReadAction\",\"target\":[\"https:\/\/solplayarentals.com\/es\/contacto\/\"]}]},{\"@type\":\"BreadcrumbList\",\"@id\":\"https:\/\/solplayarentals.com\/es\/contacto\/#breadcrumb\",\"itemListElement\":[{\"@type\":\"ListItem\",\"position\":1,\"name\":\"Portada\",\"item\":\"https:\/\/solplayarentals.com\/es\/\"},{\"@type\":\"ListItem\",\"position\":2,\"name\":\"Contacto\"}]},{\"@type\":\"WebSite\",\"@id\":\"https:\/\/solplayarentals.com\/es\/#website\",\"url\":\"https:\/\/solplayarentals.com\/es\/\",\"name\":\"Long Term &amp; Vacation Rentals in San Juan del Sur\",\"description\":\"Sol &amp; Playa\",\"potentialAction\":[{\"@type\":\"SearchAction\",\"target\":{\"@type\":\"EntryPoint\",\"urlTemplate\":\"https:\/\/solplayarentals.com\/es\/?s={search_term_string}\"},\"query-input\":{\"@type\":\"PropertyValueSpecification\",\"valueRequired\":true,\"valueName\":\"search_term_string\"}}],\"inLanguage\":\"es\"}]}<\/script>\n<!-- \/ Yoast SEO plugin. -->","yoast_head_json":{"title":"Contacto - Long Term &amp; Vacation Rentals in San Juan del Sur","description":"Alquila un lugar en San Juan del Sur, NI. Casas, Condominios y Villas frente a la playa. Alquileres Vacacionales 2023 al mejor precio.","robots":{"index":"index","follow":"follow","max-snippet":"max-snippet:-1","max-image-preview":"max-image-preview:large","max-video-preview":"max-video-preview:-1"},"canonical":"https:\/\/solplayarentals.com\/es\/contacto\/","og_locale":"es_ES","og_type":"article","og_title":"Contacto - Long Term &amp; Vacation Rentals in San Juan del Sur","og_description":"Alquila un lugar en San Juan del Sur, NI. Casas, Condominios y Villas frente a la playa. Alquileres Vacacionales 2023 al mejor precio.","og_url":"https:\/\/solplayarentals.com\/es\/contacto\/","og_site_name":"Long Term &amp; Vacation Rentals in San Juan del Sur","article_modified_time":"2023-01-09T18:04:57+00:00","twitter_card":"summary_large_image","twitter_misc":{"Tiempo de lectura":"2 minutos"},"schema":{"@context":"https:\/\/schema.org","@graph":[{"@type":"WebPage","@id":"https:\/\/solplayarentals.com\/es\/contacto\/","url":"https:\/\/solplayarentals.com\/es\/contacto\/","name":"Contacto - Long Term &amp; Vacation Rentals in San Juan del Sur","isPartOf":{"@id":"https:\/\/solplayarentals.com\/es\/#website"},"datePublished":"2022-12-09T23:06:43+00:00","dateModified":"2023-01-09T18:04:57+00:00","description":"Alquila un lugar en San Juan del Sur, NI. Casas, Condominios y Villas frente a la playa. Alquileres Vacacionales 2023 al mejor precio.","breadcrumb":{"@id":"https:\/\/solplayarentals.com\/es\/contacto\/#breadcrumb"},"inLanguage":"es","potentialAction":[{"@type":"ReadAction","target":["https:\/\/solplayarentals.com\/es\/contacto\/"]}]},{"@type":"BreadcrumbList","@id":"https:\/\/solplayarentals.com\/es\/contacto\/#breadcrumb","itemListElement":[{"@type":"ListItem","position":1,"name":"Portada","item":"https:\/\/solplayarentals.com\/es\/"},{"@type":"ListItem","position":2,"name":"Contacto"}]},{"@type":"WebSite","@id":"https:\/\/solplayarentals.com\/es\/#website","url":"https:\/\/solplayarentals.com\/es\/","name":"Long Term &amp; Vacation Rentals in San Juan del Sur","description":"Sol &amp; Playa","potentialAction":[{"@type":"SearchAction","target":{"@type":"EntryPoint","urlTemplate":"https:\/\/solplayarentals.com\/es\/?s={search_term_string}"},"query-input":{"@type":"PropertyValueSpecification","valueRequired":true,"valueName":"search_term_string"}}],"inLanguage":"es"}]}},"_links":{"self":[{"href":"https:\/\/solplayarentals.com\/es\/wp-json\/wp\/v2\/pages\/21276","targetHints":{"allow":["GET"]}}],"collection":[{"href":"https:\/\/solplayarentals.com\/es\/wp-json\/wp\/v2\/pages"}],"about":[{"href":"https:\/\/solplayarentals.com\/es\/wp-json\/wp\/v2\/types\/page"}],"author":[{"embeddable":true,"href":"https:\/\/solplayarentals.com\/es\/wp-json\/wp\/v2\/users\/1"}],"replies":[{"embeddable":true,"href":"https:\/\/solplayarentals.com\/es\/wp-json\/wp\/v2\/comments?post=21276"}],"version-history":[{"count":14,"href":"https:\/\/solplayarentals.com\/es\/wp-json\/wp\/v2\/pages\/21276\/revisions"}],"predecessor-version":[{"id":22401,"href":"https:\/\/solplayarentals.com\/es\/wp-json\/wp\/v2\/pages\/21276\/revisions\/22401"}],"wp:attachment":[{"href":"https:\/\/solplayarentals.com\/es\/wp-json\/wp\/v2\/media?parent=21276"}],"curies":[{"name":"wp","href":"https:\/\/api.w.org\/{rel}","templated":true}]}}