{"id":20158,"date":"2014-05-24T13:51:08","date_gmt":"2014-05-24T19:51:08","guid":{"rendered":"https:\/\/solplayarentals.com\/?page_id=20158"},"modified":"2022-12-22T13:50:31","modified_gmt":"2022-12-22T19:50:31","slug":"terminos-y-condiciones","status":"publish","type":"page","link":"https:\/\/solplayarentals.com\/es\/terminos-y-condiciones\/","title":{"rendered":"Terminos y Condiciones"},"content":{"rendered":"\n<p><strong>Introducci\u00f3n<\/strong><\/p>\n\n\n\n<p>Bienvenido\/a a www.solplayarentals.com un servicio digital para nuestros clientes. Por favor, lea las siguientes reglas b\u00e1sicas que rigen el uso de <a href=\"http:\/\/www.solplayarentals.com\/\">www.solplayarentals.com<\/a>.<\/p>\n\n\n\n<p>Al reservar un alojamiento, entran en vigor las siguientes condiciones, que rigen el acuerdo de reserva \u2013 Sol &amp; Playa Rentals &#8211; del alojamiento de vacaciones entre usted como inquilino, en adelante el cliente, Sol &amp; Playa Rentals cuenta con el permiso contractual del propietario o del administrador de la propiedad para firmar este acuerdo de reserva en su nombre.<\/p>\n\n\n\n<ol class=\"wp-block-list\">\n<li><strong>Uso del sitio web.<\/strong><\/li>\n<\/ol>\n\n\n\n<p>Mediante el uso del sitio web declara tener 18 a\u00f1os de edad o m\u00e1s. Si usted es menor de 18 a\u00f1os de edad deber\u00e1 abstenerse de usar la p\u00e1gina web. Los padres, tutores o responsables de los menores de 18 a\u00f1os que utilicen el Website son plena y exclusivamente responsables por el uso del sitio web por parte de \u00e9stos, incluyendo, y sin limitar, cualquier cargo o costo en que se pueda incurrir como consecuencia de tal uso. Si usted no est\u00e1 de acuerdo en todos y cada uno de los t\u00e9rminos, abst\u00e9ngase de usar el Website.<\/p>\n\n\n\n<ol class=\"wp-block-list\" start=\"2\">\n<li><strong>Reserva y acuerdo de Reserva<\/strong><\/li>\n<\/ol>\n\n\n\n<p>Todas las reservas se formalizan mediante la confirmaci\u00f3n de la reserva. La reserva ser\u00e1 v\u00e1lida despu\u00e9s de que el cliente realice todo el proceso de reservaci\u00f3n requerido dependiendo si es la propiedad es para corto o largo plazo. El cliente deber\u00e1 pagar su totalidad al realizar el check in en la propiedad esto incluye monto de renta m\u00e1s dep\u00f3sito de seguridad. El cliente debe proporcionar todos los datos requeridos por el agente.<\/p>\n\n\n\n<p>Los clientes deber\u00e1n de reservar \u00fanicamente mediante email o whatsapp con un mensaje de confirmaci\u00f3n de fechas e indicar la casa que deseen reservar de acuerdo a disponibilidad.<\/p>\n\n\n\n<ol class=\"wp-block-list\" start=\"3\">\n<li><strong>Precios de casas<\/strong><\/li>\n<\/ol>\n\n\n\n<p>Los precios de cada propiedad se encuentran establecidos por noche y para la cantidad de personas que puede alojar cada casa. Los precios var\u00edan si se agregan personas extras, esto depender\u00e1 de cada propiedad si se permiten personas extras o no. Estos precios son, a menos que se indique lo contrario en la confirmaci\u00f3n de la reserva.<\/p>\n\n\n\n<p>Precios de electricidad extra depende de cada propiedad. Revise que cada casa tiene un monto de electricidad por dia, si se exceden tienen que pagar un extra por kilowatts, esto se mide al momento de ingresar a la propiedad se toma una foto del medidor y al realizar el check out para conocer el consumo de cada cliente. Para estad\u00edas a largo plazo el cliente tiene que asumir todas las utilidades extras que se suma al monto de renta mensual.<\/p>\n\n\n\n<ol class=\"wp-block-list\" start=\"4\">\n<li><strong>Dep\u00f3sito de seguridad<\/strong><\/li>\n<\/ol>\n\n\n\n<p>El d\u00eda de la llegada, el cliente debe pagar un dep\u00f3sito de seguridad como garant\u00eda para la compensaci\u00f3n de cualquier da\u00f1o (de todo tipo) que se produzca en el alojamiento alquilado debido al cliente. Esta dep\u00f3sito ser\u00e1 reembolsada en su totalidad despu\u00e9s de la salida (para estad\u00edas menores de 1 mes), siempre que no se hayan causado da\u00f1os. Para estad\u00edas mayores de 1 mes el dep\u00f3sito de seguridad se regresa 3 d\u00edas despu\u00e9s.<\/p>\n\n\n\n<p><strong>Razones para la no devoluci\u00f3n (parcial) del dep\u00f3sito de seguridad :<\/strong><\/p>\n\n\n\n<ul class=\"wp-block-list\">\n<li>No respetar el alojamiento, mobiliario e instalaciones.<\/li>\n\n\n\n<li>No devolver todas las llaves entregadas a la llegada.<\/li>\n\n\n\n<li>No respetar la hora de salida (salvo que se acuerde lo contrario: 11:00am-12:00pm dependiendo de la propiedad).<\/li>\n\n\n\n<li>No dejar el alojamiento ordenado (la basura debe ser quitado, no deje platos sucios).<\/li>\n\n\n\n<li>Consumo de electricidad extra ser\u00e1 deducido del deposito.<\/li>\n\n\n\n<li>Fiestas en la propiedad.<\/li>\n\n\n\n<li>Cantidad de personas extras que inviten a la propiedad.<\/li>\n\n\n\n<li>Volumen de m\u00fasica dependiendo de las reglas de desarrollo esto esta establecido en contrato de renta.<\/li>\n<\/ul>\n\n\n\n<ol class=\"wp-block-list\" start=\"5\">\n<li><strong>. Anulaci\u00f3n del acuerdo de reserva por parte del cliente.<\/strong><\/li>\n<\/ol>\n\n\n\n<p>Si el cliente decide cancelar pierde cualquier deposito realizado con anticipaci\u00f3n.<\/p>\n\n\n\n<ol class=\"wp-block-list\" start=\"6\">\n<li><strong>Obligaciones del cliente<\/strong><\/li>\n<\/ol>\n\n\n\n<p>La ocupaci\u00f3n de los alojamientos alquilados se limita al n\u00famero de personas mencionadas en el acuerdo de reserva. Sol &amp; Playa Rentals tiene el derecho de denegar la entrada al alojamiento en caso de exceder el n\u00famero permitido de personas, sin que esto tenga ning\u00fan derecho a compensaci\u00f3n, o Sol &amp; Playa Rentals puede decidir aumentar el precio de alquiler con la cantidad que se considera basada en el precio por persona por d\u00eda para el alojamiento correspondiente.<\/p>\n\n\n\n<p>El cliente debe respetar las reglas entre los vecinos y las regulaciones municipales locales. En caso de negligencia o comportamiento inadecuado, Sol &amp; Playa Rentals se reserva el derecho de cancelar el acuerdo de reserva con efecto inmediato y sin previo aviso, lo que puede ocasionar la p\u00e9rdida del dep\u00f3sito de seguridad y los importes de alquiler pagados por el cliente.<\/p>\n\n\n\n<p>Las mascotas solo est\u00e1n permitidas si esto ha sido solicitado con anticipaci\u00f3n y confirmado por escrito con Sol &amp; Playa Rentals y establecido en el contrato de renta.<\/p>\n\n\n\n<p>Todos los alojamientos ofrecidos por Sol &amp; Playa Rentals est\u00e1n estrictamente destinados a vacaciones. Fotograf\u00edas profesionales, grabaciones de pel\u00edculas, fiestas o bodas dentro y alrededor del alojamiento solo est\u00e1n permitidas despu\u00e9s de un permiso por escrito y establecido en el contrato de renta.<\/p>\n\n\n\n<ol class=\"wp-block-list\" start=\"7\">\n<li><strong>Incidentes y quejas<\/strong><\/li>\n<\/ol>\n\n\n\n<p>Los incidentes o quejas relacionados con el alojamiento alquilado deben ser comunicados de inmediato a Sol &amp; Playa Rentals , Sol &amp; Playa Rentals har\u00e1 todo lo posible para resolver el problema lo m\u00e1s r\u00e1pido posible. Si a pesar de todo, el problema no se resuelve satisfactoriamente, el cliente debe informar a Sol &amp; Playa Rentals de la queja por escrito durante la estancia. Las quejas que se comunican despu\u00e9s de la salida no pueden ser tratadas como tales. Sol &amp; Playa Rentals est\u00e1 disponible para el cliente durante todo el per\u00edodo de alquiler para ayudar a resolver todos los problemas menores y hacer todo lo posible para que la estancia sea lo m\u00e1s placentera posible.<\/p>\n\n\n\n<ol class=\"wp-block-list\" start=\"8\">\n<li><strong>Check in\/ Check out<\/strong><\/li>\n<\/ol>\n\n\n\n<p>El d\u00eda de la llegada, el alojamiento estar\u00e1 disponible a partir de las 2:00pm dependiendo de cada propiedad y lo establecido en el contrato de renta. Se puede solicitar un check-in m\u00e1s temprano que el establecido, lo cual ser\u00e1 honorado, en la medida de lo posible, pero solo puede ser confirmado el d\u00eda de llegada. Unos d\u00edas antes del d\u00eda de llegada, el cliente recibir\u00e1 un mensaje de Sol Playa Rentals informando sobre la persona de contacto, el horario de encuentro y el lugar para el check-in. La hora del check out es a las 12:00pm dependiendo de cada propiedad El cliente puede solicitar una salida tard\u00eda pero tiene un precio dependiendo de cada propiedad y est\u00e1 sujeto a disponibilidad.<\/p>\n\n\n\n<ol class=\"wp-block-list\" start=\"9\">\n<li><strong>Reglas de la casa<\/strong><\/li>\n<\/ol>\n\n\n\n<p>En el contrato de renta se encuentra establecida las reglas de cada propiedad si incumplen con esta se desalojara inmediatamente de la propiedad o se aplicara cargos dependiendo de cada propiedad.<\/p>\n\n\n\n<ol class=\"wp-block-list\" start=\"10\">\n<li><strong>Cookies<\/strong><\/li>\n<\/ol>\n\n\n\n<p>El usuario del sitio conoce y acepta que Sol &amp; Playa Rentals utiliza \u201ccookies\u201d de terceros que permiten obtener datos vinculados a las preferencias de sus visitantes de los que no se extraen datos identificatorios, atento a que es solo un recurso t\u00e9cnico para mejorar la experiencia para navegar en el mismo, posibilitando al visitante, en sitios propios y de terceros, la visualizaci\u00f3n de publicidad, promociones, banners e iniciativas comerciales. Tambi\u00e9n utilizamos cookies para personalizar la experiencia y contenidos del sitio y adecuar nuestra oferta de productos.<\/p>\n\n\n\n<p>Las cookies son archivos de texto enviadas por un sitio web que quedan almacenadas en el navegador del visitante. Usted tiene la opci\u00f3n de impedir que su navegador acepte cookies, y en tal supuesto, Sol &amp; Playa Rentals no garantiza ni se hace responsable por el mal funcionamiento de los servicios y contenidos ofrecidos a trav\u00e9s de su sitio web.<\/p>\n\n\n\n<ol class=\"wp-block-list\" start=\"11\">\n<li><strong>Indemnidad<\/strong><\/li>\n<\/ol>\n\n\n\n<p>El Usuario se obliga en forma expresa e irrevocable a mantener absolutamente indemne a Sol &amp; Playa Rentals , respecto a cualquier reclamo y\/o demanda y\/o sanci\u00f3n extrajudicial, administrativo o judicial, de cualquier tercero, derivada del uso del Website, o en caso de verificarse la existencia de multas y\/o deudas de cualquier tipo generadas por el Usuario o la actividad del mismo realizada en o mediante el Website.<\/p>\n","protected":false},"excerpt":{"rendered":"<p>Introducci\u00f3n Bienvenido\/a a www.solplayarentals.com un servicio digital para nuestros clientes. Por favor, lea las siguientes reglas b\u00e1sicas que rigen el uso de www.solplayarentals.com. Al reservar un alojamiento, entran en vigor las siguientes condiciones, que rigen el acuerdo de reserva \u2013 Sol &amp; Playa Rentals &#8211; del alojamiento de vacaciones entre usted como inquilino, en adelante el cliente, Sol &amp; Playa Rentals cuenta con el &#8230;<\/p>\n","protected":false},"author":1,"featured_media":0,"parent":0,"menu_order":0,"comment_status":"closed","ping_status":"closed","template":"page-templates\/terms_conditions.php","meta":{"inline_featured_image":false,"footnotes":""},"class_list":["post-20158","page","type-page","status-publish","hentry"],"yoast_head":"<!-- This site is optimized with the Yoast SEO plugin v25.3 - https:\/\/yoast.com\/wordpress\/plugins\/seo\/ -->\n<title>Terminos y Condiciones - Long Term &amp; Vacation Rentals in San Juan del Sur<\/title>\n<meta name=\"robots\" content=\"noindex, follow\" \/>\n<meta property=\"og:locale\" content=\"es_ES\" \/>\n<meta property=\"og:type\" content=\"article\" \/>\n<meta property=\"og:title\" content=\"Terminos y Condiciones - Long Term &amp; Vacation Rentals in San Juan del Sur\" \/>\n<meta property=\"og:description\" content=\"Introducci\u00f3n Bienvenido\/a a www.solplayarentals.com un servicio digital para nuestros clientes. Por favor, lea las siguientes reglas b\u00e1sicas que rigen el uso de www.solplayarentals.com. Al reservar un alojamiento, entran en vigor las siguientes condiciones, que rigen el acuerdo de reserva \u2013 Sol &amp; Playa Rentals &#8211; del alojamiento de vacaciones entre usted como inquilino, en adelante el cliente, Sol &amp; Playa Rentals cuenta con el ...\" \/>\n<meta property=\"og:url\" content=\"https:\/\/solplayarentals.com\/es\/terminos-y-condiciones\/\" \/>\n<meta property=\"og:site_name\" content=\"Long Term &amp; Vacation Rentals in San Juan del Sur\" \/>\n<meta property=\"article:modified_time\" content=\"2022-12-22T19:50:31+00:00\" \/>\n<meta name=\"twitter:card\" content=\"summary_large_image\" \/>\n<meta name=\"twitter:label1\" content=\"Tiempo de lectura\" \/>\n\t<meta name=\"twitter:data1\" content=\"7 minutos\" \/>\n<script type=\"application\/ld+json\" class=\"yoast-schema-graph\">{\"@context\":\"https:\/\/schema.org\",\"@graph\":[{\"@type\":\"WebPage\",\"@id\":\"https:\/\/solplayarentals.com\/es\/terminos-y-condiciones\/\",\"url\":\"https:\/\/solplayarentals.com\/es\/terminos-y-condiciones\/\",\"name\":\"Terminos y Condiciones - Long Term &amp; Vacation Rentals in San Juan del Sur\",\"isPartOf\":{\"@id\":\"https:\/\/solplayarentals.com\/es\/#website\"},\"datePublished\":\"2014-05-24T19:51:08+00:00\",\"dateModified\":\"2022-12-22T19:50:31+00:00\",\"breadcrumb\":{\"@id\":\"https:\/\/solplayarentals.com\/es\/terminos-y-condiciones\/#breadcrumb\"},\"inLanguage\":\"es\",\"potentialAction\":[{\"@type\":\"ReadAction\",\"target\":[\"https:\/\/solplayarentals.com\/es\/terminos-y-condiciones\/\"]}]},{\"@type\":\"BreadcrumbList\",\"@id\":\"https:\/\/solplayarentals.com\/es\/terminos-y-condiciones\/#breadcrumb\",\"itemListElement\":[{\"@type\":\"ListItem\",\"position\":1,\"name\":\"Portada\",\"item\":\"https:\/\/solplayarentals.com\/es\/\"},{\"@type\":\"ListItem\",\"position\":2,\"name\":\"Terminos y Condiciones\"}]},{\"@type\":\"WebSite\",\"@id\":\"https:\/\/solplayarentals.com\/es\/#website\",\"url\":\"https:\/\/solplayarentals.com\/es\/\",\"name\":\"Long Term &amp; Vacation Rentals in San Juan del Sur\",\"description\":\"Sol &amp; Playa\",\"potentialAction\":[{\"@type\":\"SearchAction\",\"target\":{\"@type\":\"EntryPoint\",\"urlTemplate\":\"https:\/\/solplayarentals.com\/es\/?s={search_term_string}\"},\"query-input\":{\"@type\":\"PropertyValueSpecification\",\"valueRequired\":true,\"valueName\":\"search_term_string\"}}],\"inLanguage\":\"es\"}]}<\/script>\n<!-- \/ Yoast SEO plugin. -->","yoast_head_json":{"title":"Terminos y Condiciones - Long Term &amp; Vacation Rentals in San Juan del Sur","robots":{"index":"noindex","follow":"follow"},"og_locale":"es_ES","og_type":"article","og_title":"Terminos y Condiciones - Long Term &amp; Vacation Rentals in San Juan del Sur","og_description":"Introducci\u00f3n Bienvenido\/a a www.solplayarentals.com un servicio digital para nuestros clientes. Por favor, lea las siguientes reglas b\u00e1sicas que rigen el uso de www.solplayarentals.com. Al reservar un alojamiento, entran en vigor las siguientes condiciones, que rigen el acuerdo de reserva \u2013 Sol &amp; Playa Rentals &#8211; del alojamiento de vacaciones entre usted como inquilino, en adelante el cliente, Sol &amp; Playa Rentals cuenta con el ...","og_url":"https:\/\/solplayarentals.com\/es\/terminos-y-condiciones\/","og_site_name":"Long Term &amp; Vacation Rentals in San Juan del Sur","article_modified_time":"2022-12-22T19:50:31+00:00","twitter_card":"summary_large_image","twitter_misc":{"Tiempo de lectura":"7 minutos"},"schema":{"@context":"https:\/\/schema.org","@graph":[{"@type":"WebPage","@id":"https:\/\/solplayarentals.com\/es\/terminos-y-condiciones\/","url":"https:\/\/solplayarentals.com\/es\/terminos-y-condiciones\/","name":"Terminos y Condiciones - Long Term &amp; Vacation Rentals in San Juan del Sur","isPartOf":{"@id":"https:\/\/solplayarentals.com\/es\/#website"},"datePublished":"2014-05-24T19:51:08+00:00","dateModified":"2022-12-22T19:50:31+00:00","breadcrumb":{"@id":"https:\/\/solplayarentals.com\/es\/terminos-y-condiciones\/#breadcrumb"},"inLanguage":"es","potentialAction":[{"@type":"ReadAction","target":["https:\/\/solplayarentals.com\/es\/terminos-y-condiciones\/"]}]},{"@type":"BreadcrumbList","@id":"https:\/\/solplayarentals.com\/es\/terminos-y-condiciones\/#breadcrumb","itemListElement":[{"@type":"ListItem","position":1,"name":"Portada","item":"https:\/\/solplayarentals.com\/es\/"},{"@type":"ListItem","position":2,"name":"Terminos y Condiciones"}]},{"@type":"WebSite","@id":"https:\/\/solplayarentals.com\/es\/#website","url":"https:\/\/solplayarentals.com\/es\/","name":"Long Term &amp; Vacation Rentals in San Juan del Sur","description":"Sol &amp; Playa","potentialAction":[{"@type":"SearchAction","target":{"@type":"EntryPoint","urlTemplate":"https:\/\/solplayarentals.com\/es\/?s={search_term_string}"},"query-input":{"@type":"PropertyValueSpecification","valueRequired":true,"valueName":"search_term_string"}}],"inLanguage":"es"}]}},"_links":{"self":[{"href":"https:\/\/solplayarentals.com\/es\/wp-json\/wp\/v2\/pages\/20158","targetHints":{"allow":["GET"]}}],"collection":[{"href":"https:\/\/solplayarentals.com\/es\/wp-json\/wp\/v2\/pages"}],"about":[{"href":"https:\/\/solplayarentals.com\/es\/wp-json\/wp\/v2\/types\/page"}],"author":[{"embeddable":true,"href":"https:\/\/solplayarentals.com\/es\/wp-json\/wp\/v2\/users\/1"}],"replies":[{"embeddable":true,"href":"https:\/\/solplayarentals.com\/es\/wp-json\/wp\/v2\/comments?post=20158"}],"version-history":[{"count":3,"href":"https:\/\/solplayarentals.com\/es\/wp-json\/wp\/v2\/pages\/20158\/revisions"}],"predecessor-version":[{"id":21215,"href":"https:\/\/solplayarentals.com\/es\/wp-json\/wp\/v2\/pages\/20158\/revisions\/21215"}],"wp:attachment":[{"href":"https:\/\/solplayarentals.com\/es\/wp-json\/wp\/v2\/media?parent=20158"}],"curies":[{"name":"wp","href":"https:\/\/api.w.org\/{rel}","templated":true}]}}